{"id":1137,"date":"2023-04-17T19:59:58","date_gmt":"2023-04-17T17:59:58","guid":{"rendered":"https:\/\/qvantumrestaurant.com\/de\/?page_id=1137"},"modified":"2024-08-10T17:16:03","modified_gmt":"2024-08-10T15:16:03","slug":"datenschutzerklaerung","status":"publish","type":"page","link":"https:\/\/qvantumrestaurant.com\/de\/datenschutzerklaerung\/","title":{"rendered":"Datenschutzerkl\u00e4rung"},"content":{"rendered":"<h1>Datenschutzerkl\u00e4rung<\/h1>\n<h3>Datenschutzerkl\u00e4rung f\u00fcr Qvantum Restaurant<\/h3>\n<p>Bei Qvantum Restaurant nehmen wir den Datenschutz unserer Benutzer ernst. Diese Datenschutzerkl\u00e4rung beschreibt, wie Tutto Il Resto E Noia, S.L. personenbezogene Daten sammelt, verwendet und sch\u00fctzt, die wir \u00fcber unsere Website <a href=\"https:\/\/qvantumrestaurant.com\/de\">https:\/\/qvantumrestaurant.com\/de<\/a> sammeln.<\/p>\n<h4>Erhebung personenbezogener Daten<\/h4>\n<p>Qvantum Restaurant sammelt personenbezogene Daten \u00fcber das Kontaktformular auf unserer Website. Die von uns gesammelten Informationen umfassen Ihren Namen, Ihre E-Mail-Adresse, Ihre Telefonnummer und alle anderen Details, die Sie in Ihrer Nachricht angeben. Dar\u00fcber hinaus verwenden wir Tools wie Tag Manager und Google Analytics, um statistische Daten \u00fcber die Nutzung unserer Website zu sammeln.<\/p>\n<h4>Verwendung personenbezogener Daten<\/h4>\n<p>Die personenbezogenen Daten, die wir \u00fcber unsere Website sammeln, werden ausschlie\u00dflich verwendet, um auf Ihre Fragen und Kommentare \u00fcber das Kontaktformular zu antworten. Wir geben Ihre personenbezogenen Daten nicht an Dritte weiter.<\/p>\n<h4>Cookies<\/h4>\n<p>Wir verwenden Cookies auf unserer Website, um das Benutzererlebnis zu verbessern. Detaillierte Informationen zu den von uns verwendeten Cookies und wie wir sie verwenden, finden Sie in unserer EU-Cookie-Richtlinie unter <a href=\"https:\/\/qvantumrestaurant.com\/de\/cookie-richtlinie-eu\/\">https:\/\/qvantumrestaurant.com\/de\/cookie-richtlinie-eu\/<\/a>.<\/p>\n<h4>Schutz personenbezogener Daten<\/h4>\n<p>Wir treffen angemessene Sicherheitsma\u00dfnahmen, um die personenbezogenen Daten, die wir \u00fcber unsere Website sammeln, zu sch\u00fctzen. Dazu geh\u00f6rt die Verwendung von SSL-Verschl\u00fcsselung zum Schutz der \u00dcbertragung von Informationen.<\/p>\n<h4>Zugriff und Kontrolle personenbezogener Daten<\/h4>\n<p>Wir bieten keine M\u00f6glichkeit zur Erstellung von Benutzerkonten auf unserer Website an. Daher ist es nicht m\u00f6glich, auf die von uns gesammelten personenbezogenen Daten zuzugreifen, sie zu aktualisieren oder zu l\u00f6schen.<\/p>\n<h4>\u00c4nderungen an der Datenschutzerkl\u00e4rung<\/h4>\n<p>Wir behalten uns das Recht vor, diese Datenschutzerkl\u00e4rung jederzeit zu \u00e4ndern. Wenn wir wesentliche \u00c4nderungen an der Richtlinie vornehmen, werden wir eine Benachrichtigung auf unserer Website ver\u00f6ffentlichen.<\/p>\n<p>Wenn Sie Fragen oder Kommentare zu unserer Datenschutzerkl\u00e4rung haben, z\u00f6gern Sie bitte nicht, uns \u00fcber unser Kontaktformular unter <a href=\"https:\/\/qvantumrestaurant.com\/de\/kontakt\/\">https:\/\/qvantumrestaurant.com\/de\/kontakt\/<\/a>\u00a0zu kontaktieren oder rufen Sie uns unter 636123456 an.<\/p>\n","protected":false},"excerpt":{"rendered":"<p>Datenschutzerkl\u00e4rung Datenschutzerkl\u00e4rung f\u00fcr Qvantum Restaurant Bei Qvantum Restaurant nehmen wir den Datenschutz unserer Benutzer ernst. Diese Datenschutzerkl\u00e4rung beschreibt, wie Tutto Il Resto E Noia, S.L. personenbezogene Daten sammelt, verwendet und sch\u00fctzt, die wir \u00fcber unsere Website https:\/\/qvantumrestaurant.com\/de sammeln. Erhebung personenbezogener Daten Qvantum Restaurant sammelt personenbezogene Daten \u00fcber das Kontaktformular auf unserer Website. Die von uns&hellip;<\/p>\n","protected":false},"author":1,"featured_media":0,"parent":0,"menu_order":0,"comment_status":"closed","ping_status":"closed","template":"","meta":{"inline_featured_image":false,"footnotes":""},"class_list":["post-1137","page","type-page","status-publish","hentry","description-off"],"_links":{"self":[{"href":"https:\/\/qvantumrestaurant.com\/de\/wp-json\/wp\/v2\/pages\/1137","targetHints":{"allow":["GET"]}}],"collection":[{"href":"https:\/\/qvantumrestaurant.com\/de\/wp-json\/wp\/v2\/pages"}],"about":[{"href":"https:\/\/qvantumrestaurant.com\/de\/wp-json\/wp\/v2\/types\/page"}],"author":[{"embeddable":true,"href":"https:\/\/qvantumrestaurant.com\/de\/wp-json\/wp\/v2\/users\/1"}],"replies":[{"embeddable":true,"href":"https:\/\/qvantumrestaurant.com\/de\/wp-json\/wp\/v2\/comments?post=1137"}],"version-history":[{"count":6,"href":"https:\/\/qvantumrestaurant.com\/de\/wp-json\/wp\/v2\/pages\/1137\/revisions"}],"predecessor-version":[{"id":1245,"href":"https:\/\/qvantumrestaurant.com\/de\/wp-json\/wp\/v2\/pages\/1137\/revisions\/1245"}],"wp:attachment":[{"href":"https:\/\/qvantumrestaurant.com\/de\/wp-json\/wp\/v2\/media?parent=1137"}],"curies":[{"name":"wp","href":"https:\/\/api.w.org\/{rel}","templated":true}]}}